{"id":105,"date":"2021-07-06T00:03:09","date_gmt":"2021-07-05T21:03:09","guid":{"rendered":"https:\/\/lider-design.ro\/?page_id=105"},"modified":"2025-01-29T20:08:24","modified_gmt":"2025-01-29T18:08:24","slug":"instalare-linux","status":"publish","type":"page","link":"http:\/\/lider-design.ro\/en\/instalare-linux\/","title":{"rendered":"Instalare LINUX"},"content":{"rendered":"<div class=\"wp-block-image\">\n<figure class=\"aligncenter size-large\"><img loading=\"lazy\" decoding=\"async\" width=\"700\" height=\"374\" src=\"https:\/\/lider-design.ro\/wp-content\/uploads\/2021\/07\/laptop-budgie.png\" alt=\"\" class=\"wp-image-109\" srcset=\"http:\/\/lider-design.ro\/wp-content\/uploads\/2021\/07\/laptop-budgie.png 700w, http:\/\/lider-design.ro\/wp-content\/uploads\/2021\/07\/laptop-budgie-300x160.png 300w, http:\/\/lider-design.ro\/wp-content\/uploads\/2021\/07\/laptop-budgie-16x9.png 16w\" sizes=\"auto, (max-width: 700px) 100vw, 700px\" \/><\/figure>\n<\/div>\n\n\n<p class=\"has-text-align-center has-large-font-size\"><strong>Instal\u0103m LINUX la domiciliu sau la sediul firmei<\/strong><\/p>\n\n\n\n<p>Calculatorul t\u0103u se mi\u0219c\u0103 tot mai greu sau are mereu viru\u0219i? Se blocheaz\u0103 \u0219i \u00ee\u021bi arat\u0103 tot mai des ecrane de eroare? Te-ai s\u0103turat s\u0103 \u00ee\u021bi reinstalezi sistemul de operare la fiecare \u0219ase luni? Scap\u0103 de toate astea \u0219i treci pe <strong>Linux<\/strong>, cel mai bun, mai sigur \u0219i mai stabil sistem de operare!<\/p>\n\n\n\n<p>Firma noastr\u0103 ofer\u0103 servicii de instalare <strong>LINUX<\/strong> pentru toate modelele de calculatoare PC sau laptop. Instal\u0103m \u0219i configur\u0103m orice distribu\u021bie Linux:<\/p>\n\n\n\n<ul class=\"wp-block-list\">\n<li>Ubuntu (Kubuntu, Lubuntu, Ubuntu Budgie, Ubuntu MATE etc.)<\/li>\n\n\n\n<li>Linux Mint<\/li>\n\n\n\n<li>Fedora<\/li>\n\n\n\n<li>Arch Linux<\/li>\n\n\n\n<li>Manjaro<\/li>\n\n\n\n<li>Pop!_OS<\/li>\n\n\n\n<li>MX Linux<\/li>\n\n\n\n<li>OpenSUSE<\/li>\n\n\n\n<li>Zorin<\/li>\n\n\n\n<li>Solus<\/li>\n\n\n\n<li>etc.<\/li>\n<\/ul>\n\n\n\n<p>Pentru detalii, caut\u0103-ne la la tel. 0722274178, sau la e-mail <a href=\"mailto:office@lider-design.ro\" target=\"_blank\" rel=\"noreferrer noopener\"><strong>office@lider-design.ro<\/strong><\/a>.<\/p>","protected":false},"excerpt":{"rendered":"<p>Instal\u0103m LINUX la domiciliu sau la sediul firmei Calculatorul t\u0103u se mi\u0219c\u0103 tot mai greu sau are mereu viru\u0219i? Se blocheaz\u0103 \u0219i \u00ee\u021bi arat\u0103 tot mai des ecrane de eroare? Te-ai s\u0103turat s\u0103 \u00ee\u021bi reinstalezi sistemul de operare la fiecare \u0219ase luni? Scap\u0103 de toate astea \u0219i treci pe Linux, cel mai bun, mai sigur [&hellip;]<\/p>","protected":false},"author":1,"featured_media":0,"parent":0,"menu_order":0,"comment_status":"closed","ping_status":"closed","template":"","meta":{"footnotes":""},"class_list":["post-105","page","type-page","status-publish","hentry"],"_links":{"self":[{"href":"http:\/\/lider-design.ro\/en\/wp-json\/wp\/v2\/pages\/105","targetHints":{"allow":["GET"]}}],"collection":[{"href":"http:\/\/lider-design.ro\/en\/wp-json\/wp\/v2\/pages"}],"about":[{"href":"http:\/\/lider-design.ro\/en\/wp-json\/wp\/v2\/types\/page"}],"author":[{"embeddable":true,"href":"http:\/\/lider-design.ro\/en\/wp-json\/wp\/v2\/users\/1"}],"replies":[{"embeddable":true,"href":"http:\/\/lider-design.ro\/en\/wp-json\/wp\/v2\/comments?post=105"}],"version-history":[{"count":0,"href":"http:\/\/lider-design.ro\/en\/wp-json\/wp\/v2\/pages\/105\/revisions"}],"wp:attachment":[{"href":"http:\/\/lider-design.ro\/en\/wp-json\/wp\/v2\/media?parent=105"}],"curies":[{"name":"wp","href":"https:\/\/api.w.org\/{rel}","templated":true}]}}