{"id":202,"date":"2024-11-25T21:24:34","date_gmt":"2024-11-25T19:24:34","guid":{"rendered":"https:\/\/lider-design.ro\/?page_id=202"},"modified":"2025-10-22T23:17:08","modified_gmt":"2025-10-22T20:17:08","slug":"tururi-virtuale-360","status":"publish","type":"page","link":"https:\/\/lider-design.ro\/en\/tururi-virtuale-360\/","title":{"rendered":"Tururi virtuale 360"},"content":{"rendered":"<p><strong>Ce este un tur virtual?<\/strong><\/p>\n\n\n\n<blockquote class=\"wp-block-quote is-layout-flow wp-block-quote-is-layout-flow\">\n<p>Un tur virtual este o simulare a unui spa\u021biu real, care permite utilizatorului s\u0103 exploreze virtual un loc, fie c\u0103 este vorba de o cl\u0103dire, un teren, sau un showroom.&nbsp;Acesta utilizeaz\u0103 imagini panoramice de 360 de grade, permi\u021b\u00e2nd utilizatorului s\u0103 se plimbe \u0219i s\u0103 examineze spa\u021biul din toate unghiurile.&nbsp;<\/p>\n<\/blockquote>\n\n\n\n<p>Firma noastr\u0103 realizeaz\u0103 tururi virtuale ale unor obiective turistice sau real estate, arhitectur\u0103 sau design interior, muzee sau galerii, la cerere, cu ajutorul unor echipamente profesionale (camere 360, soft-uri specializate).<\/p>\n\n\n\n<p>Pentru comenzi scrie\u021bi-ne pe adresa <a href=\"mailto:office@lider-design.ro\">office@lider-design.ro<\/a> sau accesa\u021bi pagina <strong><a href=\"https:\/\/lider-design.ro\/en\/contact\/\">Contact<\/a><\/strong> \u0219i cere\u021bi-ne detalii complet\u00e2nd formularul.<\/p>\n\n\n\n<p>Mai jos pute\u021bi g\u0103si c\u00e2teva exemple de tururi virtuale realizate de noi.<\/p>\n\n\n\n<p class=\"has-text-align-center has-medium-font-size\"><strong><a href=\"https:\/\/ths.li\/TNmVhnt\" target=\"_blank\" rel=\"noreferrer noopener\">Muzeul locomotivelor cu abur Re\u0219i\u021ba (Theasys)<\/a><\/strong><\/p>\n\n\n<div class=\"wp-block-image\">\n<figure class=\"aligncenter size-full is-resized\"><a href=\"https:\/\/ths.li\/TNmVhnt\" target=\"_blank\" rel=\"noopener\"><img loading=\"lazy\" decoding=\"async\" width=\"800\" height=\"375\" src=\"https:\/\/lider-design.ro\/wp-content\/uploads\/2024\/12\/theasys.png\" alt=\"\" class=\"wp-image-224\" style=\"width:800px\" srcset=\"https:\/\/lider-design.ro\/wp-content\/uploads\/2024\/12\/theasys.png 800w, https:\/\/lider-design.ro\/wp-content\/uploads\/2024\/12\/theasys-300x141.png 300w, https:\/\/lider-design.ro\/wp-content\/uploads\/2024\/12\/theasys-768x360.png 768w, https:\/\/lider-design.ro\/wp-content\/uploads\/2024\/12\/theasys-18x8.png 18w\" sizes=\"auto, (max-width: 800px) 100vw, 800px\" \/><\/a><\/figure>\n<\/div>\n\n\n<p><\/p>\n\n\n\n<p class=\"has-text-align-center has-medium-font-size\"><strong><a href=\"https:\/\/kuula.co\/share\/collection\/7ZKpV?logo=1&amp;info=0&amp;logosize=96&amp;fs=1&amp;vr=1&amp;zoom=1&amp;initload=0&amp;autorotate=0.06&amp;autop=20&amp;autopalt=1&amp;thumbs=1&amp;margin=3&amp;inst=ro\" target=\"_blank\" rel=\"noopener\">Muzeul locomotivelor cu abur Re\u0219i\u021ba (Kuula)<\/a><\/strong><\/p>\n\n\n<div class=\"wp-block-image\">\n<figure class=\"aligncenter size-full is-resized\"><a href=\"https:\/\/kuula.co\/share\/collection\/7ZKpV?logo=1&amp;info=0&amp;logosize=96&amp;fs=1&amp;vr=1&amp;zoom=1&amp;initload=0&amp;autorotate=0.06&amp;autop=20&amp;autopalt=1&amp;thumbs=1&amp;margin=3&amp;inst=ro\" target=\"_blank\" rel=\"noopener\"><img loading=\"lazy\" decoding=\"async\" width=\"800\" height=\"375\" src=\"https:\/\/lider-design.ro\/wp-content\/uploads\/2024\/12\/kuula.png\" alt=\"\" class=\"wp-image-223\" style=\"width:800px\" srcset=\"https:\/\/lider-design.ro\/wp-content\/uploads\/2024\/12\/kuula.png 800w, https:\/\/lider-design.ro\/wp-content\/uploads\/2024\/12\/kuula-300x141.png 300w, https:\/\/lider-design.ro\/wp-content\/uploads\/2024\/12\/kuula-768x360.png 768w, https:\/\/lider-design.ro\/wp-content\/uploads\/2024\/12\/kuula-18x8.png 18w\" sizes=\"auto, (max-width: 800px) 100vw, 800px\" \/><\/a><\/figure>\n<\/div>\n\n\n<p><\/p>\n\n\n\n<p class=\"has-text-align-center\"><strong><a href=\"https:\/\/ths.li\/ETZvwKI\" target=\"_blank\" rel=\"noreferrer noopener\">Casa Tradi\u021bional\u0103 Cara\u0219oveneasc\u0103 &#8211; Muzeul Etnografic Central al Uniunii Croa\u021bilor din Rom\u00e2nia<\/a><\/strong><\/p>\n\n\n<div class=\"wp-block-image\">\n<figure class=\"aligncenter size-large is-resized\"><a href=\"https:\/\/ths.li\/ETZvwKI\" target=\"_blank\" rel=\" noreferrer noopener\"><img loading=\"lazy\" decoding=\"async\" width=\"1024\" height=\"489\" src=\"https:\/\/lider-design.ro\/wp-content\/uploads\/2025\/10\/Casa-Traditionala-Carasoveneasca-Muzeul-Etnografic-Central-al-Uniunii-Croatilor-din-Romania-1024x489.png\" alt=\"\" class=\"wp-image-265\" style=\"width:800px\" srcset=\"https:\/\/lider-design.ro\/wp-content\/uploads\/2025\/10\/Casa-Traditionala-Carasoveneasca-Muzeul-Etnografic-Central-al-Uniunii-Croatilor-din-Romania-1024x489.png 1024w, https:\/\/lider-design.ro\/wp-content\/uploads\/2025\/10\/Casa-Traditionala-Carasoveneasca-Muzeul-Etnografic-Central-al-Uniunii-Croatilor-din-Romania-300x143.png 300w, https:\/\/lider-design.ro\/wp-content\/uploads\/2025\/10\/Casa-Traditionala-Carasoveneasca-Muzeul-Etnografic-Central-al-Uniunii-Croatilor-din-Romania-768x367.png 768w, https:\/\/lider-design.ro\/wp-content\/uploads\/2025\/10\/Casa-Traditionala-Carasoveneasca-Muzeul-Etnografic-Central-al-Uniunii-Croatilor-din-Romania-1536x734.png 1536w, https:\/\/lider-design.ro\/wp-content\/uploads\/2025\/10\/Casa-Traditionala-Carasoveneasca-Muzeul-Etnografic-Central-al-Uniunii-Croatilor-din-Romania-18x9.png 18w, https:\/\/lider-design.ro\/wp-content\/uploads\/2025\/10\/Casa-Traditionala-Carasoveneasca-Muzeul-Etnografic-Central-al-Uniunii-Croatilor-din-Romania.png 1860w\" sizes=\"auto, (max-width: 1024px) 100vw, 1024px\" \/><\/a><\/figure>\n<\/div>\n\n\n<p><\/p>\n\n\n\n<p class=\"has-text-align-center\"><strong><a href=\"https:\/\/ths.li\/9BXOAz2\" target=\"_blank\" rel=\"noreferrer noopener\">Sediul Central al Uniunii Croa\u021bilor din Rom\u00e2nia<\/a><\/strong><\/p>\n\n\n<div class=\"wp-block-image\">\n<figure class=\"aligncenter size-large is-resized\"><a href=\"https:\/\/ths.li\/9BXOAz2\" target=\"_blank\" rel=\" noreferrer noopener\"><img loading=\"lazy\" decoding=\"async\" width=\"1024\" height=\"488\" src=\"https:\/\/lider-design.ro\/wp-content\/uploads\/2025\/10\/Sediul-Central-al-Uniunii-Croatilor-din-Romania-1024x488.png\" alt=\"\" class=\"wp-image-266\" style=\"width:800px\" srcset=\"https:\/\/lider-design.ro\/wp-content\/uploads\/2025\/10\/Sediul-Central-al-Uniunii-Croatilor-din-Romania-1024x488.png 1024w, https:\/\/lider-design.ro\/wp-content\/uploads\/2025\/10\/Sediul-Central-al-Uniunii-Croatilor-din-Romania-300x143.png 300w, https:\/\/lider-design.ro\/wp-content\/uploads\/2025\/10\/Sediul-Central-al-Uniunii-Croatilor-din-Romania-768x366.png 768w, https:\/\/lider-design.ro\/wp-content\/uploads\/2025\/10\/Sediul-Central-al-Uniunii-Croatilor-din-Romania-1536x732.png 1536w, https:\/\/lider-design.ro\/wp-content\/uploads\/2025\/10\/Sediul-Central-al-Uniunii-Croatilor-din-Romania-18x9.png 18w, https:\/\/lider-design.ro\/wp-content\/uploads\/2025\/10\/Sediul-Central-al-Uniunii-Croatilor-din-Romania.png 1870w\" sizes=\"auto, (max-width: 1024px) 100vw, 1024px\" \/><\/a><\/figure>\n<\/div>\n\n\n<p><\/p>","protected":false},"excerpt":{"rendered":"<p>Ce este un tur virtual? Un tur virtual este o simulare a unui spa\u021biu real, care permite utilizatorului s\u0103 exploreze virtual un loc, fie c\u0103 este vorba de o cl\u0103dire, un teren, sau un showroom.&nbsp;Acesta utilizeaz\u0103 imagini panoramice de 360 de grade, permi\u021b\u00e2nd utilizatorului s\u0103 se plimbe \u0219i s\u0103 examineze spa\u021biul din toate unghiurile.&nbsp; Firma [&hellip;]<\/p>","protected":false},"author":1,"featured_media":0,"parent":0,"menu_order":0,"comment_status":"closed","ping_status":"closed","template":"","meta":{"footnotes":""},"class_list":["post-202","page","type-page","status-publish","hentry"],"_links":{"self":[{"href":"https:\/\/lider-design.ro\/en\/wp-json\/wp\/v2\/pages\/202","targetHints":{"allow":["GET"]}}],"collection":[{"href":"https:\/\/lider-design.ro\/en\/wp-json\/wp\/v2\/pages"}],"about":[{"href":"https:\/\/lider-design.ro\/en\/wp-json\/wp\/v2\/types\/page"}],"author":[{"embeddable":true,"href":"https:\/\/lider-design.ro\/en\/wp-json\/wp\/v2\/users\/1"}],"replies":[{"embeddable":true,"href":"https:\/\/lider-design.ro\/en\/wp-json\/wp\/v2\/comments?post=202"}],"version-history":[{"count":0,"href":"https:\/\/lider-design.ro\/en\/wp-json\/wp\/v2\/pages\/202\/revisions"}],"wp:attachment":[{"href":"https:\/\/lider-design.ro\/en\/wp-json\/wp\/v2\/media?parent=202"}],"curies":[{"name":"wp","href":"https:\/\/api.w.org\/{rel}","templated":true}]}}