{"id":7,"date":"2020-07-30T15:32:25","date_gmt":"2020-07-30T12:32:25","guid":{"rendered":"http:\/\/lider-design.ro\/?page_id=7"},"modified":"2025-01-10T20:30:03","modified_gmt":"2025-01-10T18:30:03","slug":"home","status":"publish","type":"page","link":"https:\/\/lider-design.ro\/en\/","title":{"rendered":"Firma Lider Design"},"content":{"rendered":"<p class=\"has-text-align-center\"><strong>Viziteaz\u0103 Muzeul locomotivelor cu abur din Re\u0219i\u021ba,<\/strong> <strong>\u00eentr-un tur virtual 360 realizat de firma LIDER DESIGN<\/strong><\/p>\n\n\n<div class=\"wp-block-image\">\n<figure class=\"aligncenter size-full\"><a href=\"https:\/\/lider-design.ro\/en\/tur-muzeu-locomotive\/\" target=\"_blank\" rel=\" noreferrer noopener\"><img loading=\"lazy\" decoding=\"async\" width=\"500\" height=\"261\" src=\"https:\/\/lider-design.ro\/wp-content\/uploads\/2024\/12\/3101952913126660523.jpg\" alt=\"\" class=\"wp-image-229\" srcset=\"https:\/\/lider-design.ro\/wp-content\/uploads\/2024\/12\/3101952913126660523.jpg 500w, https:\/\/lider-design.ro\/wp-content\/uploads\/2024\/12\/3101952913126660523-300x157.jpg 300w, https:\/\/lider-design.ro\/wp-content\/uploads\/2024\/12\/3101952913126660523-18x9.jpg 18w\" sizes=\"auto, (max-width: 500px) 100vw, 500px\" \/><\/a><\/figure>\n<\/div>\n\n\n<hr class=\"wp-block-separator has-alpha-channel-opacity\"\/>\n\n\n\n<p>Firma noastr\u0103 &#8211; <strong>Lider Design s.r.l. din Re\u015fi\u0163a<\/strong> &#8211; este o firm\u0103 specializat\u0103 \u00een web design \u015fi \u00een dezvoltarea de aplica\u0163ii pentru internet. Oferim servicii pentru internet de toate tipurile &#8211; de la construirea de pagini web, p\u00e2n\u0103 la promovarea lor, precum \u015fi gazduirea pe serverele noastre. Dac\u0103 ai nevoie de o prezen\u0163\u0103 profesional\u0103 pe internet, \u00eembr\u0103cat\u0103 \u00eentr-o hain\u0103 grafic\u0103 rafinat\u0103, sus\u0163inut\u0103 de solu\u0163ii de baze de date, toate la cea mai \u00eenalt\u0103 calitate \u015fi protejate de metode sigure de securitate, noi suntem cei pe care \u00eei cau\u0163i.<\/p>\n\n\n\n<p>De asemenea, oferim servicii de prelucr\u0103ri grafice de orice fel, tehnoredactare computerizat\u0103 profesional\u0103 pentru orice tip de lucrare, \u00een vederea tip\u0103ririi (c\u0103r\u0163i, reviste, ziare, bro\u015furi, pliante, afi\u015fe, albume, felicit\u0103ri, c\u0103r\u0163i de vizit\u0103, bannere publicitare, materiale promo\u0163ionale de toate genurile etc.), p\u00e2n\u0103 \u00een faza de prepress, sau chiar p\u00e2n\u0103 \u00een faza final\u0103, de tip\u0103rire.<\/p>\n\n\n\n<p><strong>Lider Design<\/strong> realizeaz\u0103 tururi virtuale 360 ale obiectivelor turistice sau real estate. <strong><a href=\"https:\/\/lider-design.ro\/en\/tururi-virtuale-360\/\">Detalii \u00een aceast\u0103 pagin\u0103<\/a><\/strong>.<\/p>\n\n\n\n<p><strong>Lider Design<\/strong> ofer\u0103 servicii de g\u0103zduire de situri web pentru toate bugetele, pe servere rapide situate \u00een SUA, prin departamentul propriu <strong><a href=\"http:\/\/www.liderhosting.net\/\" target=\"_blank\" rel=\"noreferrer noopener\">LiderHosting<\/a><\/strong>. Afl\u0103 mai multe am\u0103nunte <strong><a href=\"http:\/\/www.liderhosting.net\/\" target=\"_blank\" rel=\"noreferrer noopener\">aici<\/a><\/strong>.<\/p>\n\n\n\n<p>Ziarul online <a href=\"http:\/\/www.argument.ro\/\" target=\"_blank\" rel=\"noreferrer noopener\"><strong>Argument<\/strong><\/a> este, de asemenea, editat \u015fi \u00eentre\u0163inut de <strong>Lider Design<\/strong>. Cite\u015fte zilnic \u015ftirile publicate de Argument &#8211; Ziar online de Cara\u015f-Severin!<\/p>","protected":false},"excerpt":{"rendered":"<p>Viziteaz\u0103 Muzeul locomotivelor cu abur din Re\u0219i\u021ba, \u00eentr-un tur virtual 360 realizat de firma LIDER DESIGN Firma noastr\u0103 &#8211; Lider Design s.r.l. din Re\u015fi\u0163a &#8211; este o firm\u0103 specializat\u0103 \u00een web design \u015fi \u00een dezvoltarea de aplica\u0163ii pentru internet. Oferim servicii pentru internet de toate tipurile &#8211; de la construirea de pagini web, p\u00e2n\u0103 la [&hellip;]<\/p>","protected":false},"author":1,"featured_media":0,"parent":0,"menu_order":0,"comment_status":"closed","ping_status":"closed","template":"","meta":{"footnotes":""},"class_list":["post-7","page","type-page","status-publish","hentry"],"_links":{"self":[{"href":"https:\/\/lider-design.ro\/en\/wp-json\/wp\/v2\/pages\/7","targetHints":{"allow":["GET"]}}],"collection":[{"href":"https:\/\/lider-design.ro\/en\/wp-json\/wp\/v2\/pages"}],"about":[{"href":"https:\/\/lider-design.ro\/en\/wp-json\/wp\/v2\/types\/page"}],"author":[{"embeddable":true,"href":"https:\/\/lider-design.ro\/en\/wp-json\/wp\/v2\/users\/1"}],"replies":[{"embeddable":true,"href":"https:\/\/lider-design.ro\/en\/wp-json\/wp\/v2\/comments?post=7"}],"version-history":[{"count":0,"href":"https:\/\/lider-design.ro\/en\/wp-json\/wp\/v2\/pages\/7\/revisions"}],"wp:attachment":[{"href":"https:\/\/lider-design.ro\/en\/wp-json\/wp\/v2\/media?parent=7"}],"curies":[{"name":"wp","href":"https:\/\/api.w.org\/{rel}","templated":true}]}}